{"id":96,"date":"2018-06-18T06:57:57","date_gmt":"2018-06-18T11:57:57","guid":{"rendered":"http:\/\/yumik.shop\/?page_id=96"},"modified":"2025-03-16T21:48:49","modified_gmt":"2025-03-17T02:48:49","slug":"conocenos","status":"publish","type":"page","link":"https:\/\/yumik.shop\/?page_id=96","title":{"rendered":"Con\u00f3cenos"},"content":{"rendered":"<h1>Con\u00f3cenos<\/h1>\n<p>\t\t\t\t\t\t\t\t\t\t\t\t\t\t\t<img loading=\"lazy\" decoding=\"async\" width=\"209\" height=\"90\" src=\"http:\/\/yumik.shop\/wp-content\/uploads\/2021\/03\/basil-leaf.png\" alt=\"\" \/>\t\t\t\t\t\t\t\t\t\t\t\t\t\t\t<\/p>\n<h2>Somos tu tienda favorita<\/h2>\n<p>Y\u00famik Alimentos y Servicios S.A. es una tienda en l\u00ednea con la misi\u00f3n de llevar a tu mesa productos alimenticios de distintos emprendores que cumplan normas sanitarias y apliquen criterios de sostenibilidad.<\/p>\n<p>Al comprar un producto en Y\u00famik.shop, <strong>est\u00e1s ayudando a emprendedores<\/strong>, y una parte de los ingresos son destinados a la <strong>Fundaci\u00f3n Ambiental Nantu<\/strong> en sus <strong>proyectos de desarrollo<\/strong> social y sostenible de <strong>econom\u00eda circular.<\/strong><\/p>\n<p><strong><em>Si te preguntas por el origen de nuestro nombre, \u00abY\u00famik\u00bb significa \u00ablluvia\u00bb, es un elemento que transforma todo lo que toca, que genera cambios, genera vida en la tierra.<\/em><\/strong><\/p>\n<p>\t\t\t\t\t\t\t\t\t\t\t\t\t\t\t<img loading=\"lazy\" decoding=\"async\" width=\"86\" height=\"109\" src=\"http:\/\/yumik.shop\/wp-content\/uploads\/2022\/10\/Yumik-LOGO-sin-fondo1.png\" alt=\"\" \/><br \/>\n\t\t\t\t\t\t\t\t\t\t\t\t\t\t\t<img loading=\"lazy\" decoding=\"async\" width=\"768\" height=\"528\" src=\"http:\/\/yumik.shop\/wp-content\/uploads\/2020\/01\/banner-01-768x528.jpg\" alt=\"\" srcset=\"https:\/\/i0.wp.com\/yumik.shop\/wp-content\/uploads\/2020\/01\/banner-01.jpg?resize=768%2C528 768w, https:\/\/i0.wp.com\/yumik.shop\/wp-content\/uploads\/2020\/01\/banner-01.jpg?resize=600%2C413 600w, https:\/\/i0.wp.com\/yumik.shop\/wp-content\/uploads\/2020\/01\/banner-01.jpg?resize=300%2C206 300w, https:\/\/i0.wp.com\/yumik.shop\/wp-content\/uploads\/2020\/01\/banner-01.jpg?w=800 800w\" sizes=\"auto, (max-width: 768px) 100vw, 768px\" \/>\t\t\t\t\t\t\t\t\t\t\t\t\t\t\t<\/p>\n<p style=\"text-align: center;\"><strong><em>En Y\u00famik queremos transformar vidas para bien, tanto para el productor y emprendedor como para el consumidor final, y este compromiso ser\u00e1 la \u00abEstrella\u00bb que nos gu\u00eda iluminada por el \u00abSol\u00bb naciente.<\/em><\/strong><\/p>\n<h4>Nuestros datos!<\/h4>\n<p>\t\t\tEmprendedores<br \/>\n\t\t\t\t0<br \/>\n\t\t\tFamilias Beneficiadas<br \/>\n\t\t\t\t+<br \/>\n\t\t\tProyectos apoyados Nantu<br \/>\n\t\t\t\t+<\/p>\n","protected":false},"excerpt":{"rendered":"<p>Con\u00f3cenos Somos tu tienda favorita Y\u00famik Alimentos y Servicios S.A. es una tienda en l\u00ednea con la misi\u00f3n de llevar [&hellip;]<\/p>\n","protected":false},"author":1,"featured_media":0,"parent":0,"menu_order":0,"comment_status":"closed","ping_status":"closed","template":"","meta":{"site-sidebar-layout":"no-sidebar","site-content-layout":"page-builder","ast-site-content-layout":"default","site-content-style":"default","site-sidebar-style":"default","ast-global-header-display":"","ast-banner-title-visibility":"","ast-main-header-display":"","ast-hfb-above-header-display":"","ast-hfb-below-header-display":"","ast-hfb-mobile-header-display":"","site-post-title":"disabled","ast-breadcrumbs-content":"","ast-featured-img":"disabled","footer-sml-layout":"","ast-disable-related-posts":"","theme-transparent-header-meta":"enabled","adv-header-id-meta":"","stick-header-meta":"","header-above-stick-meta":"","header-main-stick-meta":"","header-below-stick-meta":"","astra-migrate-meta-layouts":"default","ast-page-background-enabled":"default","ast-page-background-meta":{"desktop":{"background-color":"","background-image":"","background-repeat":"repeat","background-position":"center center","background-size":"auto","background-attachment":"scroll","background-type":"","background-media":"","overlay-type":"","overlay-color":"","overlay-opacity":"","overlay-gradient":""},"tablet":{"background-color":"","background-image":"","background-repeat":"repeat","background-position":"center center","background-size":"auto","background-attachment":"scroll","background-type":"","background-media":"","overlay-type":"","overlay-color":"","overlay-opacity":"","overlay-gradient":""},"mobile":{"background-color":"","background-image":"","background-repeat":"repeat","background-position":"center center","background-size":"auto","background-attachment":"scroll","background-type":"","background-media":"","overlay-type":"","overlay-color":"","overlay-opacity":"","overlay-gradient":""}},"ast-content-background-meta":{"desktop":{"background-color":"var(--ast-global-color-5)","background-image":"","background-repeat":"repeat","background-position":"center center","background-size":"auto","background-attachment":"scroll","background-type":"","background-media":"","overlay-type":"","overlay-color":"","overlay-opacity":"","overlay-gradient":""},"tablet":{"background-color":"var(--ast-global-color-5)","background-image":"","background-repeat":"repeat","background-position":"center center","background-size":"auto","background-attachment":"scroll","background-type":"","background-media":"","overlay-type":"","overlay-color":"","overlay-opacity":"","overlay-gradient":""},"mobile":{"background-color":"var(--ast-global-color-5)","background-image":"","background-repeat":"repeat","background-position":"center center","background-size":"auto","background-attachment":"scroll","background-type":"","background-media":"","overlay-type":"","overlay-color":"","overlay-opacity":"","overlay-gradient":""}},"footnotes":""},"class_list":["post-96","page","type-page","status-publish","hentry"],"aioseo_notices":[],"_links":{"self":[{"href":"https:\/\/yumik.shop\/index.php?rest_route=\/wp\/v2\/pages\/96","targetHints":{"allow":["GET"]}}],"collection":[{"href":"https:\/\/yumik.shop\/index.php?rest_route=\/wp\/v2\/pages"}],"about":[{"href":"https:\/\/yumik.shop\/index.php?rest_route=\/wp\/v2\/types\/page"}],"author":[{"embeddable":true,"href":"https:\/\/yumik.shop\/index.php?rest_route=\/wp\/v2\/users\/1"}],"replies":[{"embeddable":true,"href":"https:\/\/yumik.shop\/index.php?rest_route=%2Fwp%2Fv2%2Fcomments&post=96"}],"version-history":[{"count":34,"href":"https:\/\/yumik.shop\/index.php?rest_route=\/wp\/v2\/pages\/96\/revisions"}],"predecessor-version":[{"id":5633,"href":"https:\/\/yumik.shop\/index.php?rest_route=\/wp\/v2\/pages\/96\/revisions\/5633"}],"wp:attachment":[{"href":"https:\/\/yumik.shop\/index.php?rest_route=%2Fwp%2Fv2%2Fmedia&parent=96"}],"curies":[{"name":"wp","href":"https:\/\/api.w.org\/{rel}","templated":true}]}}